{"id":28604,"date":"2024-03-01T10:29:40","date_gmt":"2024-03-01T10:29:40","guid":{"rendered":"https:\/\/new.peanutsmonkeys.com\/?page_id=28604"},"modified":"2024-12-23T08:11:17","modified_gmt":"2024-12-23T08:11:17","slug":"gira-unikornio-pablo-lopez","status":"publish","type":"page","link":"https:\/\/peanutsmonkeys.com\/en\/peanuts\/gira-unikornio-pablo-lopez\/","title":{"rendered":"Unikornio Tour - Pablo L\u00f3pez"},"content":{"rendered":"<div data-elementor-type=\"wp-page\" data-elementor-id=\"28604\" class=\"elementor elementor-28604\" data-elementor-post-type=\"page\">\n\t\t\t\t<div class=\"elementor-element elementor-element-c7c2b78 e-flex e-con-boxed e-con e-parent\" data-id=\"c7c2b78\" data-element_type=\"container\" data-e-type=\"container\">\n\t\t\t\t\t<div class=\"e-con-inner\">\n\t\t<div class=\"elementor-element elementor-element-e057870 e-grid e-con-boxed e-con e-child\" data-id=\"e057870\" data-element_type=\"container\" data-e-type=\"container\">\n\t\t\t\t\t<div class=\"e-con-inner\">\n\t\t<div class=\"elementor-element elementor-element-cc23c8d e-con-full e-flex e-con e-child\" data-id=\"cc23c8d\" data-element_type=\"container\" data-e-type=\"container\">\n\t\t\t\t<div class=\"elementor-element elementor-element-8d17aa0 elementor-invisible elementor-widget elementor-widget-heading\" data-id=\"8d17aa0\" data-element_type=\"widget\" data-e-type=\"widget\" data-settings=\"{&quot;_animation&quot;:&quot;fadeInUp&quot;}\" data-widget_type=\"heading.default\">\n\t\t\t\t<div class=\"elementor-widget-container\">\n\t\t\t\t\t<h1 class=\"elementor-heading-title elementor-size-default\">Unikornio Tour - Pablo L\u00f3pez<\/h1>\t\t\t\t<\/div>\n\t\t\t\t<\/div>\n\t\t\t\t<div class=\"elementor-element elementor-element-dd2286e animated-slow elementor-invisible elementor-widget elementor-widget-text-editor\" data-id=\"dd2286e\" data-element_type=\"widget\" data-e-type=\"widget\" data-settings=\"{&quot;_animation&quot;:&quot;fadeInUp&quot;}\" data-widget_type=\"text-editor.default\">\n\t\t\t\t<div class=\"elementor-widget-container\">\n\t\t\t\t\t\t\t\t\t<p>Pablo Lopez's Unikornio album is released.<\/p>\t\t\t\t\t\t\t\t<\/div>\n\t\t\t\t<\/div>\n\t\t\t\t<\/div>\n\t\t<div class=\"elementor-element elementor-element-51cd002 e-flex e-con-boxed e-con e-child\" data-id=\"51cd002\" data-element_type=\"container\" data-e-type=\"container\">\n\t\t\t\t\t<div class=\"e-con-inner\">\n\t\t\t\t<div class=\"elementor-element elementor-element-f1ada21 elementor-invisible elementor-widget elementor-widget-image\" data-id=\"f1ada21\" data-element_type=\"widget\" data-e-type=\"widget\" data-settings=\"{&quot;_animation&quot;:&quot;fadeInUp&quot;}\" data-widget_type=\"image.default\">\n\t\t\t\t<div class=\"elementor-widget-container\">\n\t\t\t\t\t\t\t\t\t\t\t\t\t\t\t<img fetchpriority=\"high\" decoding=\"async\" width=\"326\" height=\"171\" src=\"https:\/\/peanutsmonkeys.com\/wp-content\/uploads\/2024\/01\/cliente_universal_bn.png\" class=\"attachment-large size-large wp-image-26645\" alt=\"logo universal\" srcset=\"https:\/\/peanutsmonkeys.com\/wp-content\/uploads\/2024\/01\/cliente_universal_bn.png 326w, https:\/\/peanutsmonkeys.com\/wp-content\/uploads\/2024\/01\/cliente_universal_bn-300x157.png 300w, https:\/\/peanutsmonkeys.com\/wp-content\/uploads\/2024\/01\/cliente_universal_bn-18x9.png 18w\" sizes=\"(max-width: 326px) 100vw, 326px\" \/>\t\t\t\t\t\t\t\t\t\t\t\t\t\t\t<\/div>\n\t\t\t\t<\/div>\n\t\t\t\t<div class=\"elementor-element elementor-element-2e29ccc elementor-share-buttons--view-icon elementor-share-buttons--skin-flat elementor-share-buttons--shape-circle elementor-share-buttons--color-custom animated-slow elementor-grid-0 elementor-invisible elementor-widget elementor-widget-share-buttons\" data-id=\"2e29ccc\" data-element_type=\"widget\" data-e-type=\"widget\" data-settings=\"{&quot;_animation&quot;:&quot;fadeInUp&quot;}\" data-widget_type=\"share-buttons.default\">\n\t\t\t\t<div class=\"elementor-widget-container\">\n\t\t\t\t\t\t\t<div class=\"elementor-grid\" role=\"list\">\n\t\t\t\t\t\t\t\t<div class=\"elementor-grid-item\" role=\"listitem\">\n\t\t\t\t\t\t<div class=\"elementor-share-btn elementor-share-btn_facebook\" role=\"button\" tabindex=\"0\" aria-label=\"Share on facebook\" data-no-translation-aria-label=\"\">\n\t\t\t\t\t\t\t\t\t\t\t\t\t\t\t<span class=\"elementor-share-btn__icon\">\n\t\t\t\t\t\t\t\t<svg aria-hidden=\"true\" class=\"e-font-icon-svg e-fab-facebook\" viewbox=\"0 0 512 512\" xmlns=\"http:\/\/www.w3.org\/2000\/svg\"><path d=\"M504 256C504 119 393 8 256 8S8 119 8 256c0 123.78 90.69 226.38 209.25 245V327.69h-63V256h63v-54.64c0-62.15 37-96.48 93.67-96.48 27.14 0 55.52 4.84 55.52 4.84v61h-31.28c-30.8 0-40.41 19.12-40.41 38.73V256h68.78l-11 71.69h-57.78V501C413.31 482.38 504 379.78 504 256z\"><\/path><\/svg>\t\t\t\t\t\t\t<\/span>\n\t\t\t\t\t\t\t\t\t\t\t\t\t\t\t\t\t\t\t\t<\/div>\n\t\t\t\t\t<\/div>\n\t\t\t\t\t\t\t\t\t<div class=\"elementor-grid-item\" role=\"listitem\">\n\t\t\t\t\t\t<div class=\"elementor-share-btn elementor-share-btn_twitter\" role=\"button\" tabindex=\"0\" aria-label=\"Share on twitter\" data-no-translation-aria-label=\"\">\n\t\t\t\t\t\t\t\t\t\t\t\t\t\t\t<span class=\"elementor-share-btn__icon\">\n\t\t\t\t\t\t\t\t<svg aria-hidden=\"true\" class=\"e-font-icon-svg e-fab-twitter\" viewbox=\"0 0 512 512\" xmlns=\"http:\/\/www.w3.org\/2000\/svg\"><path d=\"M459.37 151.716c.325 4.548.325 9.097.325 13.645 0 138.72-105.583 298.558-298.558 298.558-59.452 0-114.68-17.219-161.137-47.106 8.447.974 16.568 1.299 25.34 1.299 49.055 0 94.213-16.568 130.274-44.832-46.132-.975-84.792-31.188-98.112-72.772 6.498.974 12.995 1.624 19.818 1.624 9.421 0 18.843-1.3 27.614-3.573-48.081-9.747-84.143-51.98-84.143-102.985v-1.299c13.969 7.797 30.214 12.67 47.431 13.319-28.264-18.843-46.781-51.005-46.781-87.391 0-19.492 5.197-37.36 14.294-52.954 51.655 63.675 129.3 105.258 216.365 109.807-1.624-7.797-2.599-15.918-2.599-24.04 0-57.828 46.782-104.934 104.934-104.934 30.213 0 57.502 12.67 76.67 33.137 23.715-4.548 46.456-13.32 66.599-25.34-7.798 24.366-24.366 44.833-46.132 57.827 21.117-2.273 41.584-8.122 60.426-16.243-14.292 20.791-32.161 39.308-52.628 54.253z\"><\/path><\/svg>\t\t\t\t\t\t\t<\/span>\n\t\t\t\t\t\t\t\t\t\t\t\t\t\t\t\t\t\t\t\t<\/div>\n\t\t\t\t\t<\/div>\n\t\t\t\t\t\t\t\t\t<div class=\"elementor-grid-item\" role=\"listitem\">\n\t\t\t\t\t\t<div class=\"elementor-share-btn elementor-share-btn_linkedin\" role=\"button\" tabindex=\"0\" aria-label=\"Share on linkedin\" data-no-translation-aria-label=\"\">\n\t\t\t\t\t\t\t\t\t\t\t\t\t\t\t<span class=\"elementor-share-btn__icon\">\n\t\t\t\t\t\t\t\t<svg aria-hidden=\"true\" class=\"e-font-icon-svg e-fab-linkedin\" viewbox=\"0 0 448 512\" xmlns=\"http:\/\/www.w3.org\/2000\/svg\"><path d=\"M416 32H31.9C14.3 32 0 46.5 0 64.3v383.4C0 465.5 14.3 480 31.9 480H416c17.6 0 32-14.5 32-32.3V64.3c0-17.8-14.4-32.3-32-32.3zM135.4 416H69V202.2h66.5V416zm-33.2-243c-21.3 0-38.5-17.3-38.5-38.5S80.9 96 102.2 96c21.2 0 38.5 17.3 38.5 38.5 0 21.3-17.2 38.5-38.5 38.5zm282.1 243h-66.4V312c0-24.8-.5-56.7-34.5-56.7-34.6 0-39.9 27-39.9 54.9V416h-66.4V202.2h63.7v29.2h.9c8.9-16.8 30.6-34.5 62.9-34.5 67.2 0 79.7 44.3 79.7 101.9V416z\"><\/path><\/svg>\t\t\t\t\t\t\t<\/span>\n\t\t\t\t\t\t\t\t\t\t\t\t\t\t\t\t\t\t\t\t<\/div>\n\t\t\t\t\t<\/div>\n\t\t\t\t\t\t<\/div>\n\t\t\t\t\t\t<\/div>\n\t\t\t\t<\/div>\n\t\t\t\t\t<\/div>\n\t\t\t\t<\/div>\n\t\t\t\t\t<\/div>\n\t\t\t\t<\/div>\n\t\t\t\t\t<\/div>\n\t\t\t\t<\/div>\n\t\t<div class=\"elementor-element elementor-element-e39af4b contenedor-video e-flex e-con-boxed e-con e-parent\" data-id=\"e39af4b\" data-element_type=\"container\" data-e-type=\"container\">\n\t\t\t\t\t<div class=\"e-con-inner\">\n\t\t\t\t<div class=\"elementor-element elementor-element-6094fee video elementor-widget elementor-widget-premium-addon-video-box\" data-id=\"6094fee\" data-element_type=\"widget\" data-e-type=\"widget\" data-settings=\"{&quot;premium_video_box_video_type&quot;:&quot;youtube&quot;,&quot;aspect_ratio&quot;:&quot;169&quot;}\" data-widget_type=\"premium-addon-video-box.default\">\n\t\t\t\t<div class=\"elementor-widget-container\">\n\t\t\t\t\t\n\n\t\t\n\t\t\t\t\t<div id=\"premium-video-box-container-6094fee\" class=\"premium-video-box-container\" data-overlay=\"false\" data-type=\"youtube\" data-thumbnail=\"1\" data-hover=\"none\">\n\t\t\t\t<div  >\n\t\t\t\t\t\n\t\t\t\t\t<div class=\"premium-video-box-inner-wrap\" data-video-animation=\" animated-\" data-delay-animation=\"\">\n\t\t\t\t\t\t<div data-src=\"https:\/\/www.youtube.com\/embed\/La58trvJ464?feature=oembed&amp;rel=0&amp;mute=0&amp;loop=0&amp;controls=1&amp;playsinline=0&amp;cc_load_policy=0\" class=\"premium-video-box-video-container\">\n\t\t\t\t\t\t\t\n\t\t\t\t\t\t\t\t\t\t\t\t\t<\/div>\n\t\t\t\t\t\t\t<div style=\"background-image:url(&#039;https:\/\/i.ytimg.com\/vi\/La58trvJ464\/maxresdefault.jpg&#039;)\" class=\"premium-video-box-image-container none\"><\/div>\n\t\t\t\t\t\t\t\t\t\t\t\t\t\t\t\t\t\t\t\t\t\t\t\t\t\t\t\t\t\t\t\t\t<div class=\"premium-video-box-description-container\">\n\t\t\t\t\t\t\t\t<p class=\"premium-video-box-text\">\n\t\t\t\t\t\t\t\t\t<span >\n\t\t\t\t\t\t\t\t\t\tPlay <span style=\"color:#f1b239\">.<\/span>\t\t\t\t\t\t\t\t\t<\/span>\n\t\t\t\t\t\t\t\t<\/p>\n\t\t\t\t\t\t\t<\/div>\n\t\t\t\t\t\t\t\t\t\t\t<\/div>\n\n\t\t\t\t<\/div>\n\t\t\t<\/div>\n\t\t\n\t\t\t\t\t\t<\/div>\n\t\t\t\t<\/div>\n\t\t\t\t\t<\/div>\n\t\t\t\t<\/div>\n\t\t<div class=\"elementor-element elementor-element-e194b60 e-flex e-con-boxed e-con e-parent\" data-id=\"e194b60\" data-element_type=\"container\" data-e-type=\"container\">\n\t\t\t\t\t<div class=\"e-con-inner\">\n\t\t\t\t<div class=\"elementor-element elementor-element-71277fc elementor-widget elementor-widget-image\" data-id=\"71277fc\" data-element_type=\"widget\" data-e-type=\"widget\" data-widget_type=\"image.default\">\n\t\t\t\t<div class=\"elementor-widget-container\">\n\t\t\t\t\t\t\t\t\t\t\t\t\t\t\t<img decoding=\"async\" width=\"800\" height=\"800\" src=\"https:\/\/peanutsmonkeys.com\/wp-content\/uploads\/2022\/05\/PL-U-Portada-Final-2-scaled-1-1-1024x1024.jpg\" class=\"attachment-large size-large wp-image-25216\" alt=\"\" srcset=\"https:\/\/peanutsmonkeys.com\/wp-content\/uploads\/2022\/05\/PL-U-Portada-Final-2-scaled-1-1-1024x1024.jpg 1024w, https:\/\/peanutsmonkeys.com\/wp-content\/uploads\/2022\/05\/PL-U-Portada-Final-2-scaled-1-1-300x300.jpg 300w, https:\/\/peanutsmonkeys.com\/wp-content\/uploads\/2022\/05\/PL-U-Portada-Final-2-scaled-1-1-150x150.jpg 150w, https:\/\/peanutsmonkeys.com\/wp-content\/uploads\/2022\/05\/PL-U-Portada-Final-2-scaled-1-1-768x768.jpg 768w, https:\/\/peanutsmonkeys.com\/wp-content\/uploads\/2022\/05\/PL-U-Portada-Final-2-scaled-1-1-1536x1536.jpg 1536w, https:\/\/peanutsmonkeys.com\/wp-content\/uploads\/2022\/05\/PL-U-Portada-Final-2-scaled-1-1-2048x2048.jpg 2048w\" sizes=\"(max-width: 800px) 100vw, 800px\" \/>\t\t\t\t\t\t\t\t\t\t\t\t\t\t\t<\/div>\n\t\t\t\t<\/div>\n\t\t\t\t\t<\/div>\n\t\t\t\t<\/div>\n\t\t<div class=\"elementor-element elementor-element-e571124 e-flex e-con-boxed e-con e-parent\" data-id=\"e571124\" data-element_type=\"container\" data-e-type=\"container\">\n\t\t\t\t\t<div class=\"e-con-inner\">\n\t\t\t\t<div class=\"elementor-element elementor-element-6989ba8 animated-slow elementor-invisible elementor-widget elementor-widget-text-editor\" data-id=\"6989ba8\" data-element_type=\"widget\" data-e-type=\"widget\" data-settings=\"{&quot;_animation&quot;:&quot;fadeInUp&quot;}\" data-widget_type=\"text-editor.default\">\n\t\t\t\t<div class=\"elementor-widget-container\">\n\t\t\t\t\t\t\t\t\t<p><strong>Background<\/strong><\/p><p>Pablo L\u00f3pez launches his new album Unikornio as the beginning of a new musical stage.<\/p><p>\u00a0<\/p><p><strong>Need<\/strong><\/p><p>Pablo L\u00f3pez wanted to reflect in this last album the end of a darker stage and the beginning of a happier and more vital stage.<\/p><p>\u00a0<\/p><p><strong>Proposal<\/strong><\/p><p>It was proposed that 200 unique units of the new album, numbered and signed by the artist, would contain the ashes of his previous musical stage. His latest album wants to reflect in this way the end of a darker stage and the beginning of a more joyful and vital one. This is how the idea of burning his piano during the journey of his last videoclip, La Ni\u00f1a de la Linterna, whose production has also been taken care of by the agency, was born, to later collect the ashes and give life with them to the artist's last work. A unique product and an unforgettable promotional content both in RRSS and as an excuse for PR.<\/p>\t\t\t\t\t\t\t\t<\/div>\n\t\t\t\t<\/div>\n\t\t\t\t\t<\/div>\n\t\t\t\t<\/div>\n\t\t<div class=\"elementor-element elementor-element-bee4a96 e-grid e-con-boxed e-con e-child\" data-id=\"bee4a96\" data-element_type=\"container\" data-e-type=\"container\">\n\t\t\t\t\t<div class=\"e-con-inner\">\n\t\t<div class=\"elementor-element elementor-element-46cd74a e-con-full e-flex e-con e-child\" data-id=\"46cd74a\" data-element_type=\"container\" data-e-type=\"container\">\n\t\t\t\t<div class=\"elementor-element elementor-element-53ce915 animated-slow elementor-invisible elementor-widget elementor-widget-heading\" data-id=\"53ce915\" data-element_type=\"widget\" data-e-type=\"widget\" data-settings=\"{&quot;_animation&quot;:&quot;fadeIn&quot;,&quot;_animation_delay&quot;:800}\" data-widget_type=\"heading.default\">\n\t\t\t\t<div class=\"elementor-widget-container\">\n\t\t\t\t\t<p class=\"elementor-heading-title elementor-size-default\"><a href=\"https:\/\/peanutsmonkeys.com\/en\/peanuts\/mary-poppins\/\">Previous<\/a><\/p>\t\t\t\t<\/div>\n\t\t\t\t<\/div>\n\t\t\t\t<div class=\"elementor-element elementor-element-36fc9c4 animated-slow elementor-view-default elementor-invisible elementor-widget elementor-widget-icon\" data-id=\"36fc9c4\" data-element_type=\"widget\" data-e-type=\"widget\" data-settings=\"{&quot;_animation&quot;:&quot;fadeInRight&quot;}\" data-widget_type=\"icon.default\">\n\t\t\t\t<div class=\"elementor-widget-container\">\n\t\t\t\t\t\t\t<div class=\"elementor-icon-wrapper\">\n\t\t\t<a class=\"elementor-icon\" href=\"https:\/\/peanutsmonkeys.com\/en\/peanuts\/mary-poppins\/\">\n\t\t\t<svg xmlns=\"http:\/\/www.w3.org\/2000\/svg\" width=\"238.579\" height=\"93.761\" viewbox=\"0 0 238.579 93.761\"><path id=\"Icon_akar-arrow-right\" data-name=\"Icon akar-arrow-right\" d=\"M11.268,49.431H-220.311M-178.38,7.5l-41.931,41.931,41.931,41.931\" transform=\"translate(223.811 -2.55)\" fill=\"none\" stroke=\"#000\" stroke-linecap=\"round\" stroke-linejoin=\"round\" stroke-width=\"7\"><\/path><\/svg>\t\t\t<\/a>\n\t\t<\/div>\n\t\t\t\t\t\t<\/div>\n\t\t\t\t<\/div>\n\t\t\t\t<\/div>\n\t\t<div class=\"elementor-element elementor-element-2eea8e9 e-con-full e-flex e-con e-child\" data-id=\"2eea8e9\" data-element_type=\"container\" data-e-type=\"container\">\n\t\t\t\t<div class=\"elementor-element elementor-element-9fb9b90 animated-slow elementor-view-default elementor-invisible elementor-widget elementor-widget-icon\" data-id=\"9fb9b90\" data-element_type=\"widget\" data-e-type=\"widget\" data-settings=\"{&quot;_animation&quot;:&quot;fadeInLeft&quot;}\" data-widget_type=\"icon.default\">\n\t\t\t\t<div class=\"elementor-widget-container\">\n\t\t\t\t\t\t\t<div class=\"elementor-icon-wrapper\">\n\t\t\t<a class=\"elementor-icon\" href=\"https:\/\/peanutsmonkeys.com\/en\/peanuts\/asx-ponlo-a-prueba\/\">\n\t\t\t<svg xmlns=\"http:\/\/www.w3.org\/2000\/svg\" id=\"Capa_1\" viewbox=\"0 0 238.58 93.76\"><defs><style>.cls-1{fill:none;stroke:#000;stroke-linecap:round;stroke-linejoin:round;stroke-width:7px;}<\/style><\/defs><path id=\"Icon_akar-arrow-right\" class=\"cls-1\" d=\"M235.08,46.88H3.5M193.15,88.81l41.93-41.93L193.15,4.95\"><\/path><\/svg>\t\t\t<\/a>\n\t\t<\/div>\n\t\t\t\t\t\t<\/div>\n\t\t\t\t<\/div>\n\t\t\t\t<div class=\"elementor-element elementor-element-1a464b5 animated-slow elementor-invisible elementor-widget elementor-widget-heading\" data-id=\"1a464b5\" data-element_type=\"widget\" data-e-type=\"widget\" data-settings=\"{&quot;_animation&quot;:&quot;fadeIn&quot;,&quot;_animation_delay&quot;:800}\" data-widget_type=\"heading.default\">\n\t\t\t\t<div class=\"elementor-widget-container\">\n\t\t\t\t\t<p class=\"elementor-heading-title elementor-size-default\"><a href=\"https:\/\/peanutsmonkeys.com\/en\/peanuts\/asx-ponlo-a-prueba\/\">Next<\/a><\/p>\t\t\t\t<\/div>\n\t\t\t\t<\/div>\n\t\t\t\t<\/div>\n\t\t\t\t\t<\/div>\n\t\t\t\t<\/div>\n\t\t\t\t<\/div>","protected":false},"excerpt":{"rendered":"<p>Gira Unikornio \u2013 Pablo L\u00f3pez Lanzamiento del \u00e1lbum Unikornio de Pablo L\u00f3pez Play . Antecedentes Pablo L\u00f3pez lanza su nuevo disco Unikornio como principio de una nueva etapa musical. \u00a0 Necesidad Pablo L\u00f3pez quer\u00eda reflejar en este \u00faltimo \u00e1lbum el final de una etapa m\u00e1s oscura y el comienzo de una etapa m\u00e1s alegre y [&hellip;]<\/p>\n","protected":false},"author":1,"featured_media":0,"parent":26079,"menu_order":0,"comment_status":"closed","ping_status":"closed","template":"","meta":{"footnotes":""},"class_list":["post-28604","page","type-page","status-publish","hentry"],"_links":{"self":[{"href":"https:\/\/peanutsmonkeys.com\/en\/wp-json\/wp\/v2\/pages\/28604","targetHints":{"allow":["GET"]}}],"collection":[{"href":"https:\/\/peanutsmonkeys.com\/en\/wp-json\/wp\/v2\/pages"}],"about":[{"href":"https:\/\/peanutsmonkeys.com\/en\/wp-json\/wp\/v2\/types\/page"}],"author":[{"embeddable":true,"href":"https:\/\/peanutsmonkeys.com\/en\/wp-json\/wp\/v2\/users\/1"}],"replies":[{"embeddable":true,"href":"https:\/\/peanutsmonkeys.com\/en\/wp-json\/wp\/v2\/comments?post=28604"}],"version-history":[{"count":25,"href":"https:\/\/peanutsmonkeys.com\/en\/wp-json\/wp\/v2\/pages\/28604\/revisions"}],"predecessor-version":[{"id":29990,"href":"https:\/\/peanutsmonkeys.com\/en\/wp-json\/wp\/v2\/pages\/28604\/revisions\/29990"}],"up":[{"embeddable":true,"href":"https:\/\/peanutsmonkeys.com\/en\/wp-json\/wp\/v2\/pages\/26079"}],"wp:attachment":[{"href":"https:\/\/peanutsmonkeys.com\/en\/wp-json\/wp\/v2\/media?parent=28604"}],"curies":[{"name":"wp","href":"https:\/\/api.w.org\/{rel}","templated":true}]}}