{"id":29742,"date":"2024-08-25T09:23:53","date_gmt":"2024-08-25T09:23:53","guid":{"rendered":"https:\/\/peanutsmonkeys.com\/?page_id=29742"},"modified":"2024-12-23T08:11:35","modified_gmt":"2024-12-23T08:11:35","slug":"homechef-tres-estrellas-wmf","status":"publish","type":"page","link":"https:\/\/peanutsmonkeys.com\/en\/peanuts\/homechef-tres-estrellas-wmf\/","title":{"rendered":"Homechef Three Star WMF"},"content":{"rendered":"<div data-elementor-type=\"wp-page\" data-elementor-id=\"29742\" class=\"elementor elementor-29742\" data-elementor-post-type=\"page\">\n\t\t\t\t<div class=\"elementor-element elementor-element-6de08c06 e-flex e-con-boxed e-con e-parent\" data-id=\"6de08c06\" data-element_type=\"container\" data-e-type=\"container\">\n\t\t\t\t\t<div class=\"e-con-inner\">\n\t\t<div class=\"elementor-element elementor-element-66f569fa e-grid e-con-boxed e-con e-child\" data-id=\"66f569fa\" data-element_type=\"container\" data-e-type=\"container\">\n\t\t\t\t\t<div class=\"e-con-inner\">\n\t\t<div class=\"elementor-element elementor-element-1c1f9f71 e-con-full e-flex e-con e-child\" data-id=\"1c1f9f71\" data-element_type=\"container\" data-e-type=\"container\">\n\t\t\t\t<div class=\"elementor-element elementor-element-385ff3b animated-slow elementor-invisible elementor-widget elementor-widget-text-editor\" data-id=\"385ff3b\" data-element_type=\"widget\" data-e-type=\"widget\" data-settings=\"{&quot;_animation&quot;:&quot;fadeInUp&quot;}\" data-widget_type=\"text-editor.default\">\n\t\t\t\t<div class=\"elementor-widget-container\">\n\t\t\t\t\t\t\t\t\t<p><span class=\"TextRun SCXW182745941 BCX8\" lang=\"ES-ES\" xml:lang=\"ES-ES\" data-contrast=\"auto\"><span class=\"NormalTextRun SCXW182745941 BCX8\">Online Academy Campaign and Contest<\/span><\/span><\/p>\t\t\t\t\t\t\t\t<\/div>\n\t\t\t\t<\/div>\n\t\t\t\t<\/div>\n\t\t<div class=\"elementor-element elementor-element-4d10f9e e-flex e-con-boxed e-con e-child\" data-id=\"4d10f9e\" data-element_type=\"container\" data-e-type=\"container\">\n\t\t\t\t\t<div class=\"e-con-inner\">\n\t\t\t\t<div class=\"elementor-element elementor-element-11c5021 elementor-widget elementor-widget-image\" data-id=\"11c5021\" data-element_type=\"widget\" data-e-type=\"widget\" data-widget_type=\"image.default\">\n\t\t\t\t<div class=\"elementor-widget-container\">\n\t\t\t\t\t\t\t\t\t\t\t\t\t\t\t<img fetchpriority=\"high\" decoding=\"async\" width=\"326\" height=\"171\" src=\"https:\/\/peanutsmonkeys.com\/wp-content\/uploads\/2024\/01\/10-wmf.png\" class=\"attachment-large size-large wp-image-26639\" alt=\"logo wmf\" srcset=\"https:\/\/peanutsmonkeys.com\/wp-content\/uploads\/2024\/01\/10-wmf.png 326w, https:\/\/peanutsmonkeys.com\/wp-content\/uploads\/2024\/01\/10-wmf-300x157.png 300w, https:\/\/peanutsmonkeys.com\/wp-content\/uploads\/2024\/01\/10-wmf-18x9.png 18w\" sizes=\"(max-width: 326px) 100vw, 326px\" \/>\t\t\t\t\t\t\t\t\t\t\t\t\t\t\t<\/div>\n\t\t\t\t<\/div>\n\t\t\t\t<div class=\"elementor-element elementor-element-68e50309 elementor-share-buttons--view-icon elementor-share-buttons--skin-flat elementor-share-buttons--shape-circle elementor-share-buttons--color-custom elementor-grid-0 elementor-widget elementor-widget-share-buttons\" data-id=\"68e50309\" data-element_type=\"widget\" data-e-type=\"widget\" data-settings=\"{&quot;_animation_mobile&quot;:&quot;fadeInUp&quot;}\" data-widget_type=\"share-buttons.default\">\n\t\t\t\t<div class=\"elementor-widget-container\">\n\t\t\t\t\t\t\t<div class=\"elementor-grid\" role=\"list\">\n\t\t\t\t\t\t\t\t<div class=\"elementor-grid-item\" role=\"listitem\">\n\t\t\t\t\t\t<div class=\"elementor-share-btn elementor-share-btn_facebook\" role=\"button\" tabindex=\"0\" aria-label=\"Share on facebook\">\n\t\t\t\t\t\t\t\t\t\t\t\t\t\t\t<span class=\"elementor-share-btn__icon\">\n\t\t\t\t\t\t\t\t<svg aria-hidden=\"true\" class=\"e-font-icon-svg e-fab-facebook\" viewbox=\"0 0 512 512\" xmlns=\"http:\/\/www.w3.org\/2000\/svg\"><path d=\"M504 256C504 119 393 8 256 8S8 119 8 256c0 123.78 90.69 226.38 209.25 245V327.69h-63V256h63v-54.64c0-62.15 37-96.48 93.67-96.48 27.14 0 55.52 4.84 55.52 4.84v61h-31.28c-30.8 0-40.41 19.12-40.41 38.73V256h68.78l-11 71.69h-57.78V501C413.31 482.38 504 379.78 504 256z\"><\/path><\/svg>\t\t\t\t\t\t\t<\/span>\n\t\t\t\t\t\t\t\t\t\t\t\t\t\t\t\t\t\t\t\t<\/div>\n\t\t\t\t\t<\/div>\n\t\t\t\t\t\t\t\t\t<div class=\"elementor-grid-item\" role=\"listitem\">\n\t\t\t\t\t\t<div class=\"elementor-share-btn elementor-share-btn_twitter\" role=\"button\" tabindex=\"0\" aria-label=\"Share on twitter\">\n\t\t\t\t\t\t\t\t\t\t\t\t\t\t\t<span class=\"elementor-share-btn__icon\">\n\t\t\t\t\t\t\t\t<svg aria-hidden=\"true\" class=\"e-font-icon-svg e-fab-twitter\" viewbox=\"0 0 512 512\" xmlns=\"http:\/\/www.w3.org\/2000\/svg\"><path d=\"M459.37 151.716c.325 4.548.325 9.097.325 13.645 0 138.72-105.583 298.558-298.558 298.558-59.452 0-114.68-17.219-161.137-47.106 8.447.974 16.568 1.299 25.34 1.299 49.055 0 94.213-16.568 130.274-44.832-46.132-.975-84.792-31.188-98.112-72.772 6.498.974 12.995 1.624 19.818 1.624 9.421 0 18.843-1.3 27.614-3.573-48.081-9.747-84.143-51.98-84.143-102.985v-1.299c13.969 7.797 30.214 12.67 47.431 13.319-28.264-18.843-46.781-51.005-46.781-87.391 0-19.492 5.197-37.36 14.294-52.954 51.655 63.675 129.3 105.258 216.365 109.807-1.624-7.797-2.599-15.918-2.599-24.04 0-57.828 46.782-104.934 104.934-104.934 30.213 0 57.502 12.67 76.67 33.137 23.715-4.548 46.456-13.32 66.599-25.34-7.798 24.366-24.366 44.833-46.132 57.827 21.117-2.273 41.584-8.122 60.426-16.243-14.292 20.791-32.161 39.308-52.628 54.253z\"><\/path><\/svg>\t\t\t\t\t\t\t<\/span>\n\t\t\t\t\t\t\t\t\t\t\t\t\t\t\t\t\t\t\t\t<\/div>\n\t\t\t\t\t<\/div>\n\t\t\t\t\t\t\t\t\t<div class=\"elementor-grid-item\" role=\"listitem\">\n\t\t\t\t\t\t<div class=\"elementor-share-btn elementor-share-btn_linkedin\" role=\"button\" tabindex=\"0\" aria-label=\"Share on linkedin\">\n\t\t\t\t\t\t\t\t\t\t\t\t\t\t\t<span class=\"elementor-share-btn__icon\">\n\t\t\t\t\t\t\t\t<svg aria-hidden=\"true\" class=\"e-font-icon-svg e-fab-linkedin\" viewbox=\"0 0 448 512\" xmlns=\"http:\/\/www.w3.org\/2000\/svg\"><path d=\"M416 32H31.9C14.3 32 0 46.5 0 64.3v383.4C0 465.5 14.3 480 31.9 480H416c17.6 0 32-14.5 32-32.3V64.3c0-17.8-14.4-32.3-32-32.3zM135.4 416H69V202.2h66.5V416zm-33.2-243c-21.3 0-38.5-17.3-38.5-38.5S80.9 96 102.2 96c21.2 0 38.5 17.3 38.5 38.5 0 21.3-17.2 38.5-38.5 38.5zm282.1 243h-66.4V312c0-24.8-.5-56.7-34.5-56.7-34.6 0-39.9 27-39.9 54.9V416h-66.4V202.2h63.7v29.2h.9c8.9-16.8 30.6-34.5 62.9-34.5 67.2 0 79.7 44.3 79.7 101.9V416z\"><\/path><\/svg>\t\t\t\t\t\t\t<\/span>\n\t\t\t\t\t\t\t\t\t\t\t\t\t\t\t\t\t\t\t\t<\/div>\n\t\t\t\t\t<\/div>\n\t\t\t\t\t\t<\/div>\n\t\t\t\t\t\t<\/div>\n\t\t\t\t<\/div>\n\t\t\t\t\t<\/div>\n\t\t\t\t<\/div>\n\t\t\t\t\t<\/div>\n\t\t\t\t<\/div>\n\t\t\t\t\t<\/div>\n\t\t\t\t<\/div>\n\t\t<div class=\"elementor-element elementor-element-6d98cbab contenedor-video e-flex e-con-boxed e-con e-parent\" data-id=\"6d98cbab\" data-element_type=\"container\" data-e-type=\"container\">\n\t\t\t\t\t<div class=\"e-con-inner\">\n\t\t\t\t<div class=\"elementor-element elementor-element-21c73ec4 video elementor-widget elementor-widget-premium-addon-video-box\" data-id=\"21c73ec4\" data-element_type=\"widget\" data-e-type=\"widget\" data-settings=\"{&quot;premium_video_box_video_type&quot;:&quot;youtube&quot;,&quot;aspect_ratio&quot;:&quot;169&quot;}\" data-widget_type=\"premium-addon-video-box.default\">\n\t\t\t\t<div class=\"elementor-widget-container\">\n\t\t\t\t\t\n\n\t\t\n\t\t\t\t\t<div id=\"premium-video-box-container-21c73ec4\" class=\"premium-video-box-container\" data-overlay=\"false\" data-type=\"youtube\" data-thumbnail=\"1\" data-hover=\"none\">\n\t\t\t\t<div  >\n\t\t\t\t\t\n\t\t\t\t\t<div class=\"premium-video-box-inner-wrap\" data-video-animation=\" animated-\" data-delay-animation=\"\">\n\t\t\t\t\t\t<div data-src=\"https:\/\/www.youtube.com\/embed\/qsM3S4Oe1h8?feature=oembed&amp;rel=0&amp;mute=0&amp;loop=0&amp;controls=1&amp;playsinline=0&amp;cc_load_policy=0\" class=\"premium-video-box-video-container\">\n\t\t\t\t\t\t\t\n\t\t\t\t\t\t\t\t\t\t\t\t\t<\/div>\n\t\t\t\t\t\t\t<div style=\"background-image:url(&#039;https:\/\/i.ytimg.com\/vi\/qsM3S4Oe1h8\/maxresdefault.jpg&#039;)\" class=\"premium-video-box-image-container none\"><\/div>\n\t\t\t\t\t\t\t\t\t\t\t\t\t\t\t\t\t\t\t\t\t\t\t\t\t\t\t\t\t\t\t\t\t<div class=\"premium-video-box-description-container\">\n\t\t\t\t\t\t\t\t<p class=\"premium-video-box-text\">\n\t\t\t\t\t\t\t\t\t<span >\n\t\t\t\t\t\t\t\t\t\tPlay <span style=\"color:#f1b239\">.<\/span>\t\t\t\t\t\t\t\t\t<\/span>\n\t\t\t\t\t\t\t\t<\/p>\n\t\t\t\t\t\t\t<\/div>\n\t\t\t\t\t\t\t\t\t\t\t<\/div>\n\n\t\t\t\t<\/div>\n\t\t\t<\/div>\n\t\t\n\t\t\t\t\t\t<\/div>\n\t\t\t\t<\/div>\n\t\t\t\t\t<\/div>\n\t\t\t\t<\/div>\n\t\t<div class=\"elementor-element elementor-element-454dd42 e-flex e-con-boxed e-con e-parent\" data-id=\"454dd42\" data-element_type=\"container\" data-e-type=\"container\">\n\t\t\t\t\t<div class=\"e-con-inner\">\n\t\t<div class=\"elementor-element elementor-element-89b0f30 e-con-full e-flex e-con e-child\" data-id=\"89b0f30\" data-element_type=\"container\" data-e-type=\"container\">\n\t\t\t\t<div class=\"elementor-element elementor-element-1c1383a elementor-widget elementor-widget-image\" data-id=\"1c1383a\" data-element_type=\"widget\" data-e-type=\"widget\" data-widget_type=\"image.default\">\n\t\t\t\t<div class=\"elementor-widget-container\">\n\t\t\t\t\t\t\t\t\t\t\t\t\t\t\t<img decoding=\"async\" width=\"800\" height=\"450\" src=\"https:\/\/peanutsmonkeys.com\/wp-content\/uploads\/2018\/01\/homechef4.jpg\" class=\"attachment-large size-large wp-image-4502\" alt=\"homechef\" srcset=\"https:\/\/peanutsmonkeys.com\/wp-content\/uploads\/2018\/01\/homechef4.jpg 1024w, https:\/\/peanutsmonkeys.com\/wp-content\/uploads\/2018\/01\/homechef4-300x169.jpg 300w, https:\/\/peanutsmonkeys.com\/wp-content\/uploads\/2018\/01\/homechef4-768x432.jpg 768w\" sizes=\"(max-width: 800px) 100vw, 800px\" \/>\t\t\t\t\t\t\t\t\t\t\t\t\t\t\t<\/div>\n\t\t\t\t<\/div>\n\t\t\t\t<\/div>\n\t\t<div class=\"elementor-element elementor-element-c9c086b e-con-full e-flex e-con e-child\" data-id=\"c9c086b\" data-element_type=\"container\" data-e-type=\"container\">\n\t\t\t\t<div class=\"elementor-element elementor-element-084bb1b elementor-widget elementor-widget-image\" data-id=\"084bb1b\" data-element_type=\"widget\" data-e-type=\"widget\" data-widget_type=\"image.default\">\n\t\t\t\t<div class=\"elementor-widget-container\">\n\t\t\t\t\t\t\t\t\t\t\t\t\t\t\t<img decoding=\"async\" width=\"800\" height=\"450\" src=\"https:\/\/peanutsmonkeys.com\/wp-content\/uploads\/2018\/01\/homechef3.jpg\" class=\"attachment-large size-large wp-image-4501\" alt=\"homechef\" srcset=\"https:\/\/peanutsmonkeys.com\/wp-content\/uploads\/2018\/01\/homechef3.jpg 1024w, https:\/\/peanutsmonkeys.com\/wp-content\/uploads\/2018\/01\/homechef3-300x169.jpg 300w, https:\/\/peanutsmonkeys.com\/wp-content\/uploads\/2018\/01\/homechef3-768x432.jpg 768w\" sizes=\"(max-width: 800px) 100vw, 800px\" \/>\t\t\t\t\t\t\t\t\t\t\t\t\t\t\t<\/div>\n\t\t\t\t<\/div>\n\t\t\t\t<\/div>\n\t\t\t\t\t<\/div>\n\t\t\t\t<\/div>\n\t\t<div class=\"elementor-element elementor-element-74cb1b5 e-flex e-con-boxed e-con e-parent\" data-id=\"74cb1b5\" data-element_type=\"container\" data-e-type=\"container\">\n\t\t\t\t\t<div class=\"e-con-inner\">\n\t\t<div class=\"elementor-element elementor-element-b8145ed e-con-full e-flex e-con e-child\" data-id=\"b8145ed\" data-element_type=\"container\" data-e-type=\"container\">\n\t\t\t\t<div class=\"elementor-element elementor-element-90f374b elementor-widget elementor-widget-image\" data-id=\"90f374b\" data-element_type=\"widget\" data-e-type=\"widget\" data-widget_type=\"image.default\">\n\t\t\t\t<div class=\"elementor-widget-container\">\n\t\t\t\t\t\t\t\t\t\t\t\t\t\t\t<img loading=\"lazy\" decoding=\"async\" width=\"800\" height=\"450\" src=\"https:\/\/peanutsmonkeys.com\/wp-content\/uploads\/2018\/01\/homechef2.jpg\" class=\"attachment-large size-large wp-image-4500\" alt=\"homechef\" srcset=\"https:\/\/peanutsmonkeys.com\/wp-content\/uploads\/2018\/01\/homechef2.jpg 1024w, https:\/\/peanutsmonkeys.com\/wp-content\/uploads\/2018\/01\/homechef2-300x169.jpg 300w, https:\/\/peanutsmonkeys.com\/wp-content\/uploads\/2018\/01\/homechef2-768x432.jpg 768w\" sizes=\"(max-width: 800px) 100vw, 800px\" \/>\t\t\t\t\t\t\t\t\t\t\t\t\t\t\t<\/div>\n\t\t\t\t<\/div>\n\t\t\t\t<\/div>\n\t\t\t\t\t<\/div>\n\t\t\t\t<\/div>\n\t\t<div class=\"elementor-element elementor-element-46e766cd e-flex e-con-boxed e-con e-parent\" data-id=\"46e766cd\" data-element_type=\"container\" data-e-type=\"container\">\n\t\t\t\t\t<div class=\"e-con-inner\">\n\t\t\t\t<div class=\"elementor-element elementor-element-679dd3e0 animated-slow elementor-invisible elementor-widget elementor-widget-text-editor\" data-id=\"679dd3e0\" data-element_type=\"widget\" data-e-type=\"widget\" data-settings=\"{&quot;_animation&quot;:&quot;fadeInUp&quot;}\" data-widget_type=\"text-editor.default\">\n\t\t\t\t<div class=\"elementor-widget-container\">\n\t\t\t\t\t\t\t\t\t<p><b><span data-contrast=\"auto\">Background<\/span><\/b><span data-ccp-props=\"{&quot;201341983&quot;:0,&quot;335559739&quot;:160,&quot;335559740&quot;:259}\">\u00a0<\/span><\/p><p><span data-contrast=\"auto\">WMF is a well-known German brand of kitchenware, with international success and more than 160 years in the market. Innovation, quality and design are its main pillars, and are present at the time of preparing food, cooking, eating and drinking.<\/span><span data-ccp-props=\"{&quot;201341983&quot;:0,&quot;335559739&quot;:160,&quot;335559740&quot;:259}\">\u00a0<\/span><\/p><p>\u00a0<\/p><p><b><span data-contrast=\"auto\">Need<\/span><\/b><span data-ccp-props=\"{&quot;201341983&quot;:0,&quot;335559739&quot;:160,&quot;335559740&quot;:259}\">\u00a0<\/span><\/p><p><span data-contrast=\"auto\">The brand was looking to make the leap to digital advertising and strengthen its notoriety in the kitchens of our country.<\/span><span data-ccp-props=\"{&quot;201341983&quot;:0,&quot;335559739&quot;:160,&quot;335559740&quot;:259}\">\u00a0<\/span><\/p><p>\u00a0<\/p><p><b><span data-contrast=\"auto\">Proposal<\/span><\/b><span data-ccp-props=\"{&quot;201341983&quot;:0,&quot;335559739&quot;:160,&quot;335559740&quot;:259}\">\u00a0<\/span><\/p><p><span data-contrast=\"auto\">We launched the WMF Stars Online Academy, where amateur cooks in our country could learn all the cooking techniques and improve their culinary skills.<\/span>\u00a0<br \/><span data-contrast=\"auto\">In addition, we created the WMF Home Chef Tres Estrellas competition, with the aim of finding the best home chef in our country and recognizing his or her talent. In this way, Spanish amateur cooks had the opportunity to be rewarded in a similar way to the great professional chefs.<\/span><span data-ccp-props=\"{&quot;201341983&quot;:0,&quot;335559739&quot;:160,&quot;335559740&quot;:259}\">\u00a0<\/span><\/p>\t\t\t\t\t\t\t\t<\/div>\n\t\t\t\t<\/div>\n\t\t\t\t\t<\/div>\n\t\t\t\t<\/div>\n\t\t<div class=\"elementor-element elementor-element-3ffd0ee8 e-grid e-con-boxed e-con e-child\" data-id=\"3ffd0ee8\" data-element_type=\"container\" data-e-type=\"container\">\n\t\t\t\t\t<div class=\"e-con-inner\">\n\t\t<div class=\"elementor-element elementor-element-2b7a85b5 e-con-full e-flex e-con e-child\" data-id=\"2b7a85b5\" data-element_type=\"container\" data-e-type=\"container\">\n\t\t\t\t<div class=\"elementor-element elementor-element-1fe05eff animated-slow elementor-invisible elementor-widget elementor-widget-heading\" data-id=\"1fe05eff\" data-element_type=\"widget\" data-e-type=\"widget\" data-settings=\"{&quot;_animation&quot;:&quot;fadeIn&quot;,&quot;_animation_delay&quot;:800}\" data-widget_type=\"heading.default\">\n\t\t\t\t<div class=\"elementor-widget-container\">\n\t\t\t\t\t<p class=\"elementor-heading-title elementor-size-default\"><a href=\"https:\/\/peanutsmonkeys.com\/en\/peanuts\/thor-en-madrid\/\">Previous<\/a><\/p>\t\t\t\t<\/div>\n\t\t\t\t<\/div>\n\t\t\t\t<div class=\"elementor-element elementor-element-298a9205 animated-slow elementor-view-default elementor-invisible elementor-widget elementor-widget-icon\" data-id=\"298a9205\" data-element_type=\"widget\" data-e-type=\"widget\" data-settings=\"{&quot;_animation&quot;:&quot;fadeInRight&quot;}\" data-widget_type=\"icon.default\">\n\t\t\t\t<div class=\"elementor-widget-container\">\n\t\t\t\t\t\t\t<div class=\"elementor-icon-wrapper\">\n\t\t\t<a class=\"elementor-icon\" href=\"https:\/\/peanutsmonkeys.com\/en\/peanuts\/thor-en-madrid\/\">\n\t\t\t<svg xmlns=\"http:\/\/www.w3.org\/2000\/svg\" width=\"238.579\" height=\"93.761\" viewbox=\"0 0 238.579 93.761\"><path id=\"Icon_akar-arrow-right\" data-name=\"Icon akar-arrow-right\" d=\"M11.268,49.431H-220.311M-178.38,7.5l-41.931,41.931,41.931,41.931\" transform=\"translate(223.811 -2.55)\" fill=\"none\" stroke=\"#000\" stroke-linecap=\"round\" stroke-linejoin=\"round\" stroke-width=\"7\"><\/path><\/svg>\t\t\t<\/a>\n\t\t<\/div>\n\t\t\t\t\t\t<\/div>\n\t\t\t\t<\/div>\n\t\t\t\t<\/div>\n\t\t<div class=\"elementor-element elementor-element-6bd48d2a e-con-full e-flex e-con e-child\" data-id=\"6bd48d2a\" data-element_type=\"container\" data-e-type=\"container\">\n\t\t\t\t<div class=\"elementor-element elementor-element-459180be animated-slow elementor-view-default elementor-invisible elementor-widget elementor-widget-icon\" data-id=\"459180be\" data-element_type=\"widget\" data-e-type=\"widget\" data-settings=\"{&quot;_animation&quot;:&quot;fadeInLeft&quot;}\" data-widget_type=\"icon.default\">\n\t\t\t\t<div class=\"elementor-widget-container\">\n\t\t\t\t\t\t\t<div class=\"elementor-icon-wrapper\">\n\t\t\t<a class=\"elementor-icon\" href=\"https:\/\/peanutsmonkeys.com\/en\/peanuts\/vuelve-a-hablar-de-deporte\/\">\n\t\t\t<svg xmlns=\"http:\/\/www.w3.org\/2000\/svg\" id=\"Capa_1\" viewbox=\"0 0 238.58 93.76\"><defs><style>.cls-1{fill:none;stroke:#000;stroke-linecap:round;stroke-linejoin:round;stroke-width:7px;}<\/style><\/defs><path id=\"Icon_akar-arrow-right\" class=\"cls-1\" d=\"M235.08,46.88H3.5M193.15,88.81l41.93-41.93L193.15,4.95\"><\/path><\/svg>\t\t\t<\/a>\n\t\t<\/div>\n\t\t\t\t\t\t<\/div>\n\t\t\t\t<\/div>\n\t\t\t\t<div class=\"elementor-element elementor-element-1c7c4157 animated-slow elementor-invisible elementor-widget elementor-widget-heading\" data-id=\"1c7c4157\" data-element_type=\"widget\" data-e-type=\"widget\" data-settings=\"{&quot;_animation&quot;:&quot;fadeIn&quot;,&quot;_animation_delay&quot;:800}\" data-widget_type=\"heading.default\">\n\t\t\t\t<div class=\"elementor-widget-container\">\n\t\t\t\t\t<p class=\"elementor-heading-title elementor-size-default\"><a href=\"https:\/\/peanutsmonkeys.com\/en\/peanuts\/vuelve-a-hablar-de-deporte\/\">Next<\/a><\/p>\t\t\t\t<\/div>\n\t\t\t\t<\/div>\n\t\t\t\t<\/div>\n\t\t\t\t\t<\/div>\n\t\t\t\t<\/div>\n\t\t\t\t<\/div>","protected":false},"excerpt":{"rendered":"<p>Campa\u00f1a Academia online y Concurso Play . Antecedentes\u00a0 WMF es una conocida marca alemana de menaje de cocina, con \u00e9xito internacional y m\u00e1s de 160 a\u00f1os en el mercado. La innovaci\u00f3n, la calidad y el dise\u00f1o son sus grandes pilares, y est\u00e1n presentes en el momento de preparar la comida, cocinar, comer y beber.\u00a0 \u00a0 [&hellip;]<\/p>\n","protected":false},"author":3,"featured_media":0,"parent":26079,"menu_order":0,"comment_status":"closed","ping_status":"closed","template":"","meta":{"footnotes":""},"class_list":["post-29742","page","type-page","status-publish","hentry"],"_links":{"self":[{"href":"https:\/\/peanutsmonkeys.com\/en\/wp-json\/wp\/v2\/pages\/29742","targetHints":{"allow":["GET"]}}],"collection":[{"href":"https:\/\/peanutsmonkeys.com\/en\/wp-json\/wp\/v2\/pages"}],"about":[{"href":"https:\/\/peanutsmonkeys.com\/en\/wp-json\/wp\/v2\/types\/page"}],"author":[{"embeddable":true,"href":"https:\/\/peanutsmonkeys.com\/en\/wp-json\/wp\/v2\/users\/3"}],"replies":[{"embeddable":true,"href":"https:\/\/peanutsmonkeys.com\/en\/wp-json\/wp\/v2\/comments?post=29742"}],"version-history":[{"count":4,"href":"https:\/\/peanutsmonkeys.com\/en\/wp-json\/wp\/v2\/pages\/29742\/revisions"}],"predecessor-version":[{"id":29753,"href":"https:\/\/peanutsmonkeys.com\/en\/wp-json\/wp\/v2\/pages\/29742\/revisions\/29753"}],"up":[{"embeddable":true,"href":"https:\/\/peanutsmonkeys.com\/en\/wp-json\/wp\/v2\/pages\/26079"}],"wp:attachment":[{"href":"https:\/\/peanutsmonkeys.com\/en\/wp-json\/wp\/v2\/media?parent=29742"}],"curies":[{"name":"wp","href":"https:\/\/api.w.org\/{rel}","templated":true}]}}